{"id":109,"date":"2021-06-20T16:00:35","date_gmt":"2021-06-20T13:00:35","guid":{"rendered":"https:\/\/icconcert.com\/?page_id=109"},"modified":"2021-06-20T16:00:35","modified_gmt":"2021-06-20T13:00:35","slug":"atlantic-soloists","status":"publish","type":"page","link":"https:\/\/icconcert.com\/index.php\/atlantic-soloists\/","title":{"rendered":"Atlantic Soloists"},"content":{"rendered":"\n<figure class=\"wp-block-image size-large\"><img loading=\"lazy\" decoding=\"async\" width=\"724\" height=\"1024\" data-attachment-id=\"110\" data-permalink=\"https:\/\/icconcert.com\/index.php\/atlantic-soloists\/atlantic-soloists-first-draft-724x1024-1\/\" data-orig-file=\"https:\/\/icconcert.com\/wp-content\/uploads\/2021\/06\/atlantic-soloists-first-draft-724x1024-1.jpg\" data-orig-size=\"724,1024\" data-comments-opened=\"1\" data-image-meta=\"{&quot;aperture&quot;:&quot;0&quot;,&quot;credit&quot;:&quot;&quot;,&quot;camera&quot;:&quot;&quot;,&quot;caption&quot;:&quot;&quot;,&quot;created_timestamp&quot;:&quot;0&quot;,&quot;copyright&quot;:&quot;&quot;,&quot;focal_length&quot;:&quot;0&quot;,&quot;iso&quot;:&quot;0&quot;,&quot;shutter_speed&quot;:&quot;0&quot;,&quot;title&quot;:&quot;&quot;,&quot;orientation&quot;:&quot;0&quot;}\" data-image-title=\"atlantic-soloists-first-draft-724&amp;#215;1024-1\" data-image-description=\"\" data-image-caption=\"\" data-medium-file=\"https:\/\/icconcert.com\/wp-content\/uploads\/2021\/06\/atlantic-soloists-first-draft-724x1024-1-212x300.jpg\" data-large-file=\"https:\/\/icconcert.com\/wp-content\/uploads\/2021\/06\/atlantic-soloists-first-draft-724x1024-1.jpg\" src=\"http:\/\/icconcert.com\/wp-content\/uploads\/2021\/06\/atlantic-soloists-first-draft-724x1024-1.jpg\" alt=\"\" class=\"wp-image-110\" srcset=\"https:\/\/icconcert.com\/wp-content\/uploads\/2021\/06\/atlantic-soloists-first-draft-724x1024-1.jpg 724w, https:\/\/icconcert.com\/wp-content\/uploads\/2021\/06\/atlantic-soloists-first-draft-724x1024-1-212x300.jpg 212w\" sizes=\"auto, (max-width: 724px) 100vw, 724px\" \/><\/figure>\n\n\n\n<h4 class=\"wp-block-heading\">Raquel Al\u00e3o, soprano<\/h4>\n\n\n\n<p>Born in Lisbon, Ms. Al\u00e3o is a Soprano at the Portuguese Opera House since 2007. She completed her singing course in 2004 at Escola de M\u00fasica do Conservat\u00f3rio Nacional under the guidance of Filomena Amaro and graduated with the highest honors. She regularly performs as a soloist with the Portuguese Symphony Orchestra and also plays many opera roles. She recorded for TV channel Mezzo with baroque orchestra Divino Sospiro. Recent recitals include concerts at the Center for the Arts of Belgais, accompanied by Milos Popovic and Maria Jo\u00e3o Pires.<\/p>\n\n\n\n<h4 class=\"wp-block-heading\">Eduardo Regula, piano<\/h4>\n\n\n\n<p>Eduardo Regula studied at Escola Superior de M\u00fasica de Lisboa and attended masterclasses with renowned pianists such as Helena S\u00e1 e Costa, Adam Wodnicki, Luiz de Moura Castro and Matthijs Verschoor. He has been teaching piano in the most prestigious schools in Portugal and performs regularly as a soloist and chamber music player. From 2012-2017 he served KAUST as a music teacher and performed regularly in many events in<br>Jeddah. He is currently the piano class coordinator at the Lisbon Music Academy.<\/p>\n\n\n\n<h4 class=\"wp-block-heading\">Tiago Neto, violin<\/h4>\n\n\n\n<p>One of the most distinguished Portuguese violinists of his generation, Tiago Neto has been a finalist and first-prize winner of national and international competitions. He earned his Degree in Violin Performance from Escola Superior de M\u00fasica de Lisboa, with the highest class honors of 20\/20, and later, he completed his Ph.D. in Music at the University of Sheffield England, UK. As an active soloist, chamber and orchestral player, he has had regular performance engagements in Portugal and abroad. He is currently Violin Professor and Head of Strings at Escola Superior de M\u00fasica de Lisboa.<\/p>\n\n\n\n<h4 class=\"wp-block-heading\">Rui Fernandes, viola<\/h4>\n\n\n\n<p>Rui Fernandes has completed the Master of Music program (Violin Performance) at the Northwestern University (Chicago, IL) with the highest classification. He has performed extensively with several orchestras and music festivals worldwide. Rui Fernandes is currently Professor and Director of the Lisbon Music Academy, the most prestigious violin school in Portugal, having his students been awarded in national and international violin competitions.<\/p>\n\n\n\n<h4 class=\"wp-block-heading\">Ricardo Mota, cello<\/h4>\n\n\n\n<p>Studied at the Lisbon National Conservatory, the Zwolle Music Conservatory (Netherlands) and Escola Superior de M\u00fasica de Lisboa. Later he has devoted his attention to pedagogical studies, having studied with the prestigious pedagogy Tania Carey in Chicago (USA) and completing the Master\u2019s Degree in Instrument Pedagogy at the Lus\u00edada University, in Lisbon. He has performed regularly as a soloist, chamber music and orchestra player in Portugal and abroad, including appearances with the Portuguese Symphony Orchestra, Lisbon Metropolitan Orchestra and Gulbenkian Orchestra.<\/p>\n","protected":false},"excerpt":{"rendered":"<p>Raquel Al\u00e3o, soprano Born in Lisbon, Ms. Al\u00e3o is a Soprano at the Portuguese Opera House since 2007. She completed her singing course in 2004 at Escola de M\u00fasica do Conservat\u00f3rio Nacional under the guidance of Filomena Amaro and graduated with the highest honors. She regularly performs as a soloist with the Portuguese Symphony Orchestra&hellip;<\/p>\n","protected":false},"author":1,"featured_media":0,"parent":0,"menu_order":0,"comment_status":"closed","ping_status":"closed","template":"","meta":{"advanced_seo_description":"","jetpack_seo_html_title":"","jetpack_seo_noindex":false,"footnotes":""},"class_list":["post-109","page","type-page","status-publish","hentry","empty-entry-meta"],"jetpack-related-posts":[],"jetpack_sharing_enabled":true,"_links":{"self":[{"href":"https:\/\/icconcert.com\/index.php\/wp-json\/wp\/v2\/pages\/109","targetHints":{"allow":["GET"]}}],"collection":[{"href":"https:\/\/icconcert.com\/index.php\/wp-json\/wp\/v2\/pages"}],"about":[{"href":"https:\/\/icconcert.com\/index.php\/wp-json\/wp\/v2\/types\/page"}],"author":[{"embeddable":true,"href":"https:\/\/icconcert.com\/index.php\/wp-json\/wp\/v2\/users\/1"}],"replies":[{"embeddable":true,"href":"https:\/\/icconcert.com\/index.php\/wp-json\/wp\/v2\/comments?post=109"}],"version-history":[{"count":1,"href":"https:\/\/icconcert.com\/index.php\/wp-json\/wp\/v2\/pages\/109\/revisions"}],"predecessor-version":[{"id":111,"href":"https:\/\/icconcert.com\/index.php\/wp-json\/wp\/v2\/pages\/109\/revisions\/111"}],"wp:attachment":[{"href":"https:\/\/icconcert.com\/index.php\/wp-json\/wp\/v2\/media?parent=109"}],"curies":[{"name":"wp","href":"https:\/\/api.w.org\/{rel}","templated":true}]}}