{"id":240,"date":"2021-10-18T09:07:23","date_gmt":"2021-10-18T06:07:23","guid":{"rendered":"https:\/\/icconcert.com\/?page_id=240"},"modified":"2021-10-18T10:27:21","modified_gmt":"2021-10-18T07:27:21","slug":"classical-piano-recital","status":"publish","type":"page","link":"https:\/\/icconcert.com\/index.php\/classical-piano-recital\/","title":{"rendered":"Classical Piano Recital"},"content":{"rendered":"\n<h2 class=\"has-dark-red-color has-text-color has-normal-font-size wp-block-heading\">In Collaboration with the French Embassy in Riyadh and Alliance Francaise Alkhobar,  the ICC presents to you:<\/h2>\n\n\n\n<figure class=\"wp-block-image size-full is-resized\"><img loading=\"lazy\" decoding=\"async\" data-attachment-id=\"241\" data-permalink=\"https:\/\/icconcert.com\/index.php\/classical-piano-recital\/classical-piano-recital-1st-draft\/\" data-orig-file=\"https:\/\/icconcert.com\/wp-content\/uploads\/2021\/10\/classical-piano-recital-1st-draft.png\" data-orig-size=\"580,808\" data-comments-opened=\"1\" data-image-meta=\"{&quot;aperture&quot;:&quot;0&quot;,&quot;credit&quot;:&quot;&quot;,&quot;camera&quot;:&quot;&quot;,&quot;caption&quot;:&quot;&quot;,&quot;created_timestamp&quot;:&quot;0&quot;,&quot;copyright&quot;:&quot;&quot;,&quot;focal_length&quot;:&quot;0&quot;,&quot;iso&quot;:&quot;0&quot;,&quot;shutter_speed&quot;:&quot;0&quot;,&quot;title&quot;:&quot;&quot;,&quot;orientation&quot;:&quot;0&quot;}\" data-image-title=\"classical-piano-recital-1st-draft\" data-image-description=\"\" data-image-caption=\"\" data-medium-file=\"https:\/\/icconcert.com\/wp-content\/uploads\/2021\/10\/classical-piano-recital-1st-draft-215x300.png\" data-large-file=\"https:\/\/icconcert.com\/wp-content\/uploads\/2021\/10\/classical-piano-recital-1st-draft.png\" src=\"http:\/\/icconcert.com\/wp-content\/uploads\/2021\/10\/classical-piano-recital-1st-draft.png\" alt=\"\" class=\"wp-image-241\" width=\"435\" height=\"606\" srcset=\"https:\/\/icconcert.com\/wp-content\/uploads\/2021\/10\/classical-piano-recital-1st-draft.png 580w, https:\/\/icconcert.com\/wp-content\/uploads\/2021\/10\/classical-piano-recital-1st-draft-215x300.png 215w, https:\/\/icconcert.com\/wp-content\/uploads\/2021\/10\/classical-piano-recital-1st-draft-129x180.png 129w\" sizes=\"auto, (max-width: 435px) 100vw, 435px\" \/><\/figure>\n\n\n\n<h2 class=\"has-dark-red-color has-text-color wp-block-heading\">Concert Program<\/h2>\n\n\n\n<div class=\"wp-block-group\"><div class=\"wp-block-group__inner-container is-layout-flow wp-block-group-is-layout-flow\">\n<ul class=\"wp-block-list\"><li>Chopin mazurka en sol #m<\/li><li>Chopin nocturne en do m<\/li><\/ul>\n\n\n\n<ul class=\"wp-block-list\"><li>Chopin nocturne en do #m<\/li><\/ul>\n\n\n\n<ul class=\"wp-block-list\"><li>Tiersen comptine d\u2019un autre \u00e9t\u00e9<\/li><\/ul>\n\n\n\n<ul class=\"wp-block-list\"><li>Liszt harmonies du soir<\/li><\/ul>\n\n\n\n<ul class=\"wp-block-list\"><li>Zimmer inception<\/li><\/ul>\n\n\n\n<ul class=\"wp-block-list\"><li>Badelt pirates des Cara\u00efbes<\/li><\/ul>\n\n\n\n<p>Pause<\/p>\n\n\n\n<ul class=\"wp-block-list\"><li>Mrvica Croatie rapsodie<\/li><\/ul>\n\n\n\n<ul class=\"wp-block-list\"><li>Debussy la cath\u00e9drale engloutie<\/li><\/ul>\n\n\n\n<ul class=\"wp-block-list\"><li>Rachmaninoff sonate no 2:<\/li><li>-allegro<\/li><\/ul>\n\n\n\n<ul class=\"wp-block-list\"><li>largo<br>-presto<\/li><\/ul>\n\n\n\n<ul class=\"wp-block-list\"><li>Cosma medley<\/li><\/ul>\n<\/div><\/div>\n\n\n<p><iframe loading=\"lazy\" src=\"https:\/\/docs.google.com\/forms\/d\/e\/1FAIpQLSdFcByoF5GWTYs_TwVNu9dWa0nDJThcf5Wiw3xaFC3TwemrLA\/viewform?embedded=true\" width=\"640\" height=\"3025\" frameborder=\"0\" marginheight=\"0\" marginwidth=\"0\">Loading\u2026<\/iframe><\/p>\n","protected":false},"excerpt":{"rendered":"<p>In Collaboration with the French Embassy in Riyadh and Alliance Francaise Alkhobar, the ICC presents to you: Concert Program Chopin mazurka en sol #m Chopin nocturne en do m Chopin nocturne en do #m Tiersen comptine d\u2019un autre \u00e9t\u00e9 Liszt harmonies du soir Zimmer inception Badelt pirates des Cara\u00efbes Pause Mrvica Croatie rapsodie Debussy la&hellip;<\/p>\n","protected":false},"author":1,"featured_media":0,"parent":0,"menu_order":0,"comment_status":"closed","ping_status":"closed","template":"","meta":{"advanced_seo_description":"","jetpack_seo_html_title":"","jetpack_seo_noindex":false,"footnotes":""},"class_list":["post-240","page","type-page","status-publish","hentry","empty-entry-meta"],"jetpack-related-posts":[],"jetpack_sharing_enabled":true,"_links":{"self":[{"href":"https:\/\/icconcert.com\/index.php\/wp-json\/wp\/v2\/pages\/240","targetHints":{"allow":["GET"]}}],"collection":[{"href":"https:\/\/icconcert.com\/index.php\/wp-json\/wp\/v2\/pages"}],"about":[{"href":"https:\/\/icconcert.com\/index.php\/wp-json\/wp\/v2\/types\/page"}],"author":[{"embeddable":true,"href":"https:\/\/icconcert.com\/index.php\/wp-json\/wp\/v2\/users\/1"}],"replies":[{"embeddable":true,"href":"https:\/\/icconcert.com\/index.php\/wp-json\/wp\/v2\/comments?post=240"}],"version-history":[{"count":4,"href":"https:\/\/icconcert.com\/index.php\/wp-json\/wp\/v2\/pages\/240\/revisions"}],"predecessor-version":[{"id":245,"href":"https:\/\/icconcert.com\/index.php\/wp-json\/wp\/v2\/pages\/240\/revisions\/245"}],"wp:attachment":[{"href":"https:\/\/icconcert.com\/index.php\/wp-json\/wp\/v2\/media?parent=240"}],"curies":[{"name":"wp","href":"https:\/\/api.w.org\/{rel}","templated":true}]}}